{"id":244103,"date":"2023-03-16T20:03:23","date_gmt":"2023-03-16T18:03:23","guid":{"rendered":"https:\/\/www.lappifilms.fi\/?page_id=244103"},"modified":"2026-03-23T13:44:18","modified_gmt":"2026-03-23T11:44:18","slug":"haavaraus","status":"publish","type":"page","link":"https:\/\/www.lappifilms.fi\/en\/haavaraus\/","title":{"rendered":"Varaa h\u00e4\u00e4kuvaus"},"content":{"rendered":"<div class=\"et_pb_section_0 et_pb_section et_section_regular et_block_section\"><div class=\"et_pb_row_0 et_pb_row et_pb_gutters3 et_block_row\"><div class=\"et_pb_column_0 et_pb_column et_pb_column_2_5 et_block_column et_pb_css_mix_blend_mode_passthrough\"><div class=\"et_pb_text_0 et_pb_text et_pb_bg_layout_light et_animated et_pb_module et_block_module\"><div class=\"et_pb_text_inner\"><p>Contact<\/p>\n<\/div><\/div><ul class=\"et_pb_social_media_follow_0 et_pb_social_media_follow clearfix et_pb_bg_layout_light et_animated et_pb_module et_block_module\"><li class=\"et_pb_social_media_follow_network_0 et_pb_social_media_follow_network et_pb_social_icon et_pb_social_network_link et-social-facebook et_pb_module et_flex_module\"><a href=\"https:\/\/www.facebook.com\/LappiFilms\" class=\"icon\" target=\"_self\" title=\"Follow on Facebook\" rel=\"noopener\"><span class=\"et_pb_social_media_follow_network_name\">Follow<\/span><\/a><\/li><li class=\"et_pb_social_media_follow_network_1 et_pb_social_media_follow_network et_pb_social_icon et_pb_social_network_link et-social-instagram et_pb_module et_flex_module\"><a href=\"https:\/\/www.instagram.com\/lappifilms\/\" class=\"icon\" target=\"_self\" title=\"Follow on Instagram\" rel=\"noopener\"><span class=\"et_pb_social_media_follow_network_name\">Follow<\/span><\/a><\/li><\/ul><div class=\"et_pb_text_1 et_pb_text et_pb_bg_layout_light et_animated et_pb_module et_block_module\"><div class=\"et_pb_text_inner\"><h1>Book your dream shoot now.<\/h1>\n<p>Ota rohkeasti yhteytt\u00e4 niin pyrin vastaamaan sinulle 24h kuluessa. Jos lomake ei tunnu toimivan, niin laita vain suoraan minulle s\u00e4hk\u00f6postia: lappifilms@gmail.com<\/p>\n<\/div><\/div><div class=\"et_pb_text_2 et_pb_text et_pb_bg_layout_light et_animated et_pb_module et_block_module\"><div class=\"et_pb_text_inner\" data-et-mv-hidden-tablet=\"true\"><p><span>+358451723356<\/span><br \/><span>lappifilms@gmail.com<\/span><\/p>\n<\/div><\/div><\/div><div class=\"et_pb_column_1 et_pb_column et_pb_column_3_5 et-last-child et_block_column et_pb_css_mix_blend_mode_passthrough\"><div class=\"et_pb_contact_form_0 et_pb_contact_form_container clearfix et_animated et_pb_module et_flex_module\" data-form_unique_num=\"0\" data-form_unique_id=\"99bce581-a9ef-4c0e-89c7-a6086ec89c2c\" id=\"contact-form\"><div class=\"et-pb-contact-message\"><\/div><div class=\"et_pb_contact\"><form class=\"et_pb_contact_form et_flex_module\" method=\"post\" action=\"https:\/\/www.lappifilms.fi\/en\/wp-json\/wp\/v2\/pages\/244103\" data-trp-original-action=\"https:\/\/www.lappifilms.fi\/en\/wp-json\/wp\/v2\/pages\/244103\"><div class=\"et_pb_contact_field_0 et_pb_contact_field et_pb_module et_flex_module et_flex_column_24_24 et_flex_column_24_24_tablet et_flex_column_24_24_phone\" data-id=\"name\" data-type=\"input\"><label class=\"et_pb_contact_form_label\" for=\"et_pb_contact_0_name_0\">Your name<\/label><input type=\"text\" name=\"et_pb_contact_0_name_0\" id=\"et_pb_contact_0_name_0\" class=\"input\" data-required_mark=\"required\" data-field_type=\"input\" data-original_id=\"name\" placeholder=\"Your name\" title=\"\" value=\"\" \/><\/div><div class=\"et_pb_contact_field_1 et_pb_contact_field et_pb_module et_flex_module et_flex_column_24_24 et_flex_column_24_24_tablet et_flex_column_24_24_phone\" data-id=\"email\" data-type=\"email\"><label class=\"et_pb_contact_form_label\" for=\"et_pb_contact_0_email_1\">email<\/label><input type=\"text\" name=\"et_pb_contact_0_email_1\" id=\"et_pb_contact_0_email_1\" class=\"input\" data-required_mark=\"required\" data-field_type=\"email\" data-original_id=\"email\" placeholder=\"email\" title=\"\" value=\"\" \/><\/div><div class=\"et_pb_contact_field_2 et_pb_contact_field et_pb_module et_flex_module et_flex_column_24_24 et_flex_column_24_24_tablet et_flex_column_24_24_phone\" data-id=\"message\" data-type=\"text\"><label class=\"et_pb_contact_form_label\" for=\"et_pb_contact_0_message_2\">The floor is yours! Be sure to mention your wedding date and location, and let me know which package you\u2019re interested in.<\/label><textarea name=\"et_pb_contact_0_message_2\" id=\"et_pb_contact_0_message_2\" class=\"et_pb_contact_message input\" data-required_mark=\"required\" data-field_type=\"text\" data-original_id=\"message\" placeholder=\"The floor is yours! Be sure to mention your wedding date and location, and let me know which package you\u2019re interested in.\"><\/textarea><\/div><input type=\"hidden\" name=\"et_pb_contactform_submit_99bce581-a9ef-4c0e-89c7-a6086ec89c2c\" value=\"et_contact_proccess\" \/><div class=\"et_contact_bottom_container\"><div class=\"et_pb_button_wrapper\"><button type=\"submit\" name=\"et_builder_submit_button\" class=\"et_pb_button et_pb_contact_submit\">Submit<\/button><\/div><\/div><input type=\"hidden\" id=\"_wpnonce-et-pb-contact-form-submitted-99bce581-a9ef-4c0e-89c7-a6086ec89c2c\" name=\"_wpnonce-et-pb-contact-form-submitted-99bce581-a9ef-4c0e-89c7-a6086ec89c2c\" value=\"033d4c5ea5\" \/><input type=\"hidden\" name=\"_wp_http_referer\" value=\"\/en\/wp-json\/wp\/v2\/pages\/244103\" \/><input type=\"hidden\" name=\"trp-form-language\" value=\"en\"\/><\/form><\/div><\/div><\/div><\/div><\/div>","protected":false},"excerpt":{"rendered":"<p>Varaa h\u00e4\u00e4valokuvaus tai h\u00e4\u00e4videokuvaus minulta helposti verkossa. Kuvaan h\u00e4it\u00e4 ymp\u00e4ri Suomen \u2013 varmista huippukuvaaja h\u00e4ihisi ja ota yhteytt\u00e4 nyt!<\/p>","protected":false},"author":1,"featured_media":0,"parent":0,"menu_order":0,"comment_status":"closed","ping_status":"closed","template":"","meta":{"footnotes":""},"class_list":["post-244103","page","type-page","status-publish","hentry"],"yoast_head":"<!-- This site is optimized with the Yoast SEO plugin v27.2 - https:\/\/yoast.com\/product\/yoast-seo-wordpress\/ -->\n<title>Varaa h\u00e4\u00e4valokuvaus tai h\u00e4\u00e4videokuvaus \u2013 Lappi Films<\/title>\n<meta name=\"description\" content=\"Varaa h\u00e4\u00e4videokuvaus tai h\u00e4\u00e4kuvaus helposti verkossa. Lappifilms kuvaa h\u00e4it\u00e4 ymp\u00e4ri Suomen \u2013 t\u00e4yt\u00e4 lomake ja varmista kuvausp\u00e4iv\u00e4si.\" \/>\n<meta name=\"robots\" content=\"index, follow, max-snippet:-1, max-image-preview:large, max-video-preview:-1\" \/>\n<link rel=\"canonical\" href=\"https:\/\/www.lappifilms.fi\/en\/haavaraus\/\" \/>\n<meta property=\"og:locale\" content=\"en_US\" \/>\n<meta property=\"og:type\" content=\"article\" \/>\n<meta property=\"og:title\" content=\"Varaa h\u00e4\u00e4valokuvaus tai h\u00e4\u00e4videokuvaus \u2013 Lappi Films\" \/>\n<meta property=\"og:description\" content=\"Varaa h\u00e4\u00e4videokuvaus tai h\u00e4\u00e4kuvaus helposti verkossa. Lappifilms kuvaa h\u00e4it\u00e4 ymp\u00e4ri Suomen \u2013 t\u00e4yt\u00e4 lomake ja varmista kuvausp\u00e4iv\u00e4si.\" \/>\n<meta property=\"og:url\" content=\"https:\/\/www.lappifilms.fi\/en\/haavaraus\/\" \/>\n<meta property=\"og:site_name\" content=\"Lappi Films\" \/>\n<meta property=\"article:publisher\" content=\"https:\/\/www.facebook.com\/LappiFilms\" \/>\n<meta property=\"article:modified_time\" content=\"2026-03-23T11:44:18+00:00\" \/>\n<meta name=\"twitter:card\" content=\"summary_large_image\" \/>\n<meta name=\"twitter:label1\" content=\"Est. reading time\" \/>\n\t<meta name=\"twitter:data1\" content=\"1 minute\" \/>\n<script type=\"application\/ld+json\" class=\"yoast-schema-graph\">{\"@context\":\"https:\/\/schema.org\",\"@graph\":[{\"@type\":\"WebPage\",\"@id\":\"https:\/\/www.lappifilms.fi\/haavaraus\/\",\"url\":\"https:\/\/www.lappifilms.fi\/haavaraus\/\",\"name\":\"Varaa h\u00e4\u00e4valokuvaus tai h\u00e4\u00e4videokuvaus \u2013 Lappi Films\",\"isPartOf\":{\"@id\":\"https:\/\/www.lappifilms.fi\/#website\"},\"datePublished\":\"2023-03-16T18:03:23+00:00\",\"dateModified\":\"2026-03-23T11:44:18+00:00\",\"description\":\"Varaa h\u00e4\u00e4videokuvaus tai h\u00e4\u00e4kuvaus helposti verkossa. Lappifilms kuvaa h\u00e4it\u00e4 ymp\u00e4ri Suomen \u2013 t\u00e4yt\u00e4 lomake ja varmista kuvausp\u00e4iv\u00e4si.\",\"breadcrumb\":{\"@id\":\"https:\/\/www.lappifilms.fi\/haavaraus\/#breadcrumb\"},\"inLanguage\":\"en-US\",\"potentialAction\":[{\"@type\":\"ReadAction\",\"target\":[\"https:\/\/www.lappifilms.fi\/haavaraus\/\"]}]},{\"@type\":\"BreadcrumbList\",\"@id\":\"https:\/\/www.lappifilms.fi\/haavaraus\/#breadcrumb\",\"itemListElement\":[{\"@type\":\"ListItem\",\"position\":1,\"name\":\"Etusivu\",\"item\":\"https:\/\/www.lappifilms.fi\/\"},{\"@type\":\"ListItem\",\"position\":2,\"name\":\"Varaa h\u00e4\u00e4kuvaus\"}]},{\"@type\":\"WebSite\",\"@id\":\"https:\/\/www.lappifilms.fi\/#website\",\"url\":\"https:\/\/www.lappifilms.fi\/\",\"name\":\"Lappi Films\",\"description\":\"Video- ja valokuvaus\",\"publisher\":{\"@id\":\"https:\/\/www.lappifilms.fi\/#\/schema\/person\/13895667e3c25e0ee4e179040671e373\"},\"potentialAction\":[{\"@type\":\"SearchAction\",\"target\":{\"@type\":\"EntryPoint\",\"urlTemplate\":\"https:\/\/www.lappifilms.fi\/?s={search_term_string}\"},\"query-input\":{\"@type\":\"PropertyValueSpecification\",\"valueRequired\":true,\"valueName\":\"search_term_string\"}}],\"inLanguage\":\"en-US\"},{\"@type\":[\"Person\",\"Organization\"],\"@id\":\"https:\/\/www.lappifilms.fi\/#\/schema\/person\/13895667e3c25e0ee4e179040671e373\",\"name\":\"Anssi Ylipulli\",\"image\":{\"@type\":\"ImageObject\",\"inLanguage\":\"en-US\",\"@id\":\"https:\/\/www.lappifilms.fi\/wp-content\/uploads\/2023\/03\/anssi-001-5.jpg\",\"url\":\"https:\/\/www.lappifilms.fi\/wp-content\/uploads\/2023\/03\/anssi-001-5.jpg\",\"contentUrl\":\"https:\/\/www.lappifilms.fi\/wp-content\/uploads\/2023\/03\/anssi-001-5.jpg\",\"width\":1600,\"height\":1920,\"caption\":\"Anssi Ylipulli\"},\"logo\":{\"@id\":\"https:\/\/www.lappifilms.fi\/wp-content\/uploads\/2023\/03\/anssi-001-5.jpg\"},\"description\":\"Lappi Filmsin kautta saat laadukkaat h\u00e4\u00e4videot, markkinointivideot yrityksellesi ja valokuvat kaikkiin tarpeisiin.\",\"sameAs\":[\"http:\/\/www.lappifilms.fi\",\"https:\/\/www.facebook.com\/LappiFilms\",\"https:\/\/www.instagram.com\/lappifilms\/\",\"https:\/\/www.youtube.com\/channel\/UC3Q-m599ZI0Oc7JyKVeiZ0A\"]}]}<\/script>\n<!-- \/ Yoast SEO plugin. -->","yoast_head_json":{"title":"Varaa h\u00e4\u00e4valokuvaus tai h\u00e4\u00e4videokuvaus \u2013 Lappi Films","description":"Varaa h\u00e4\u00e4videokuvaus tai h\u00e4\u00e4kuvaus helposti verkossa. Lappifilms kuvaa h\u00e4it\u00e4 ymp\u00e4ri Suomen \u2013 t\u00e4yt\u00e4 lomake ja varmista kuvausp\u00e4iv\u00e4si.","robots":{"index":"index","follow":"follow","max-snippet":"max-snippet:-1","max-image-preview":"max-image-preview:large","max-video-preview":"max-video-preview:-1"},"canonical":"https:\/\/www.lappifilms.fi\/en\/haavaraus\/","og_locale":"en_US","og_type":"article","og_title":"Varaa h\u00e4\u00e4valokuvaus tai h\u00e4\u00e4videokuvaus \u2013 Lappi Films","og_description":"Varaa h\u00e4\u00e4videokuvaus tai h\u00e4\u00e4kuvaus helposti verkossa. Lappifilms kuvaa h\u00e4it\u00e4 ymp\u00e4ri Suomen \u2013 t\u00e4yt\u00e4 lomake ja varmista kuvausp\u00e4iv\u00e4si.","og_url":"https:\/\/www.lappifilms.fi\/en\/haavaraus\/","og_site_name":"Lappi Films","article_publisher":"https:\/\/www.facebook.com\/LappiFilms","article_modified_time":"2026-03-23T11:44:18+00:00","twitter_card":"summary_large_image","twitter_misc":{"Est. reading time":"1 minute"},"schema":{"@context":"https:\/\/schema.org","@graph":[{"@type":"WebPage","@id":"https:\/\/www.lappifilms.fi\/haavaraus\/","url":"https:\/\/www.lappifilms.fi\/haavaraus\/","name":"Varaa h\u00e4\u00e4valokuvaus tai h\u00e4\u00e4videokuvaus \u2013 Lappi Films","isPartOf":{"@id":"https:\/\/www.lappifilms.fi\/#website"},"datePublished":"2023-03-16T18:03:23+00:00","dateModified":"2026-03-23T11:44:18+00:00","description":"Varaa h\u00e4\u00e4videokuvaus tai h\u00e4\u00e4kuvaus helposti verkossa. Lappifilms kuvaa h\u00e4it\u00e4 ymp\u00e4ri Suomen \u2013 t\u00e4yt\u00e4 lomake ja varmista kuvausp\u00e4iv\u00e4si.","breadcrumb":{"@id":"https:\/\/www.lappifilms.fi\/haavaraus\/#breadcrumb"},"inLanguage":"en-US","potentialAction":[{"@type":"ReadAction","target":["https:\/\/www.lappifilms.fi\/haavaraus\/"]}]},{"@type":"BreadcrumbList","@id":"https:\/\/www.lappifilms.fi\/haavaraus\/#breadcrumb","itemListElement":[{"@type":"ListItem","position":1,"name":"Etusivu","item":"https:\/\/www.lappifilms.fi\/"},{"@type":"ListItem","position":2,"name":"Varaa h\u00e4\u00e4kuvaus"}]},{"@type":"WebSite","@id":"https:\/\/www.lappifilms.fi\/#website","url":"https:\/\/www.lappifilms.fi\/","name":"Lappi Films","description":"Video- ja valokuvaus","publisher":{"@id":"https:\/\/www.lappifilms.fi\/#\/schema\/person\/13895667e3c25e0ee4e179040671e373"},"potentialAction":[{"@type":"SearchAction","target":{"@type":"EntryPoint","urlTemplate":"https:\/\/www.lappifilms.fi\/?s={search_term_string}"},"query-input":{"@type":"PropertyValueSpecification","valueRequired":true,"valueName":"search_term_string"}}],"inLanguage":"en-US"},{"@type":["Person","Organization"],"@id":"https:\/\/www.lappifilms.fi\/#\/schema\/person\/13895667e3c25e0ee4e179040671e373","name":"Anssi Ylipulli","image":{"@type":"ImageObject","inLanguage":"en-US","@id":"https:\/\/www.lappifilms.fi\/wp-content\/uploads\/2023\/03\/anssi-001-5.jpg","url":"https:\/\/www.lappifilms.fi\/wp-content\/uploads\/2023\/03\/anssi-001-5.jpg","contentUrl":"https:\/\/www.lappifilms.fi\/wp-content\/uploads\/2023\/03\/anssi-001-5.jpg","width":1600,"height":1920,"caption":"Anssi Ylipulli"},"logo":{"@id":"https:\/\/www.lappifilms.fi\/wp-content\/uploads\/2023\/03\/anssi-001-5.jpg"},"description":"Lappi Filmsin kautta saat laadukkaat h\u00e4\u00e4videot, markkinointivideot yrityksellesi ja valokuvat kaikkiin tarpeisiin.","sameAs":["http:\/\/www.lappifilms.fi","https:\/\/www.facebook.com\/LappiFilms","https:\/\/www.instagram.com\/lappifilms\/","https:\/\/www.youtube.com\/channel\/UC3Q-m599ZI0Oc7JyKVeiZ0A"]}]}},"_links":{"self":[{"href":"https:\/\/www.lappifilms.fi\/en\/wp-json\/wp\/v2\/pages\/244103","targetHints":{"allow":["GET"]}}],"collection":[{"href":"https:\/\/www.lappifilms.fi\/en\/wp-json\/wp\/v2\/pages"}],"about":[{"href":"https:\/\/www.lappifilms.fi\/en\/wp-json\/wp\/v2\/types\/page"}],"author":[{"embeddable":true,"href":"https:\/\/www.lappifilms.fi\/en\/wp-json\/wp\/v2\/users\/1"}],"replies":[{"embeddable":true,"href":"https:\/\/www.lappifilms.fi\/en\/wp-json\/wp\/v2\/comments?post=244103"}],"version-history":[{"count":0,"href":"https:\/\/www.lappifilms.fi\/en\/wp-json\/wp\/v2\/pages\/244103\/revisions"}],"wp:attachment":[{"href":"https:\/\/www.lappifilms.fi\/en\/wp-json\/wp\/v2\/media?parent=244103"}],"curies":[{"name":"wp","href":"https:\/\/api.w.org\/{rel}","templated":true}]}}