{"id":244449,"date":"2023-12-01T08:25:21","date_gmt":"2023-12-01T06:25:21","guid":{"rendered":"https:\/\/www.lappifilms.fi\/?page_id=244449"},"modified":"2026-04-23T09:11:21","modified_gmt":"2026-04-23T07:11:21","slug":"hinnasto","status":"publish","type":"page","link":"https:\/\/www.lappifilms.fi\/en\/hinnasto\/","title":{"rendered":"Pricing"},"content":{"rendered":"<div class=\"et_pb_section_0 et_pb_section et_section_regular et_block_section\"><div class=\"et_pb_row_0 et_pb_row et_block_row\"><div class=\"et_pb_column_0 et_pb_column et_pb_column_4_4 et-last-child et_block_column et_pb_css_mix_blend_mode_passthrough\"><div class=\"et_pb_text_0 et_pb_text et_pb_bg_layout_light et_pb_module et_block_module et_pb_text_align_center preset--module--divi-text--cd82eeef-022d-465f-afbc-cba4bceac091\"><div class=\"et_pb_text_inner\"><h1>Pricing<\/h1>\n<\/div><\/div><\/div><\/div><div class=\"et_pb_row_1 et_pb_row et_block_row\"><div class=\"et_pb_column_1 et_pb_column et_pb_column_4_4 et-last-child et_block_column et_pb_css_mix_blend_mode_passthrough\"><div class=\"et_pb_divider_0 et_pb_divider et_pb_space et_pb_divider_position_top et_pb_module\"><div class=\"et_pb_divider_internal\"><\/div><\/div><div class=\"et_pb_divider_1 et_pb_divider et_pb_space et_pb_divider_position_center et_pb_module\"><div class=\"et_pb_divider_internal\"><\/div><\/div><div class=\"et_pb_divider_2 et_pb_divider et_pb_space et_pb_divider_position_top et_pb_module\"><div class=\"et_pb_divider_internal\"><\/div><\/div><\/div><\/div><\/div><div class=\"et_pb_section_1 et_pb_section et_section_regular et_block_section\"><div class=\"et_pb_row_2 et_pb_row et_block_row\"><div class=\"et_pb_column_2 et_pb_column et_pb_column_1_2 et_block_column et_pb_css_mix_blend_mode_passthrough\"><div class=\"et_pb_text_1 et_pb_text et_pb_bg_layout_light et_pb_module et_block_module et_pb_text_align_center preset--module--divi-text--a5abcb10-3325-493c-9284-c82700b55e5e\"><div class=\"et_pb_text_inner\"><h3>Documentary-style Wedding Videography<\/h3>\n<\/div><\/div><div class=\"et_pb_text_2 et_pb_text et_pb_bg_layout_light et_pb_module et_block_module\"><div class=\"et_pb_text_inner\"><h4>Short Day filming (6 hours)<\/h4>\n<p>Video length: aprox. 3 minutes<\/p>\n<\/div><\/div><div class=\"et_pb_text_3 et_pb_text et_pb_bg_layout_light et_pb_module et_block_module et_pb_text_align_right\"><div class=\"et_pb_text_inner\"><p>2050\u20ac<\/p>\n<\/div><\/div><div class=\"et_pb_divider_3 et_pb_divider et_pb_space et_pb_divider_position_center et_pb_module\"><div class=\"et_pb_divider_internal\"><\/div><\/div><div class=\"et_pb_text_4 et_pb_text et_pb_bg_layout_light et_pb_module et_block_module\"><div class=\"et_pb_text_inner\"><h4>Full day 10-12 hours<\/h4>\n<p>Video length: 5-6 minutes<\/p>\n<\/div><\/div><div class=\"et_pb_text_5 et_pb_text et_pb_bg_layout_light et_pb_module et_block_module et_pb_text_align_right\"><div class=\"et_pb_text_inner\"><p>3150\u20ac<\/p>\n<\/div><\/div><div class=\"et_pb_divider_4 et_pb_divider et_pb_space et_pb_divider_position_center et_pb_module\"><div class=\"et_pb_divider_internal\"><\/div><\/div><div class=\"et_pb_text_6 et_pb_text et_pb_bg_layout_light et_pb_module et_block_module\"><div class=\"et_pb_text_inner\"><h4>From Morning to Late Evening (14 hours)<\/h4>\n<p>Video length: 6-7 minutes<\/p>\n<\/div><\/div><div class=\"et_pb_text_7 et_pb_text et_pb_bg_layout_light et_pb_module et_block_module et_pb_text_align_right\"><div class=\"et_pb_text_inner\"><p>3450\u20ac<\/p>\n<\/div><\/div><div class=\"et_pb_divider_5 et_pb_divider et_pb_space et_pb_divider_position_center et_pb_module\"><div class=\"et_pb_divider_internal\"><\/div><\/div><div class=\"et_pb_text_8 et_pb_text et_pb_bg_layout_light et_pb_module et_block_module\"><div class=\"et_pb_text_inner\"><p>Prices include VAT. All packages include a planning consulation and short teaser (approx. 40-60 seconds), <span>\u00a0that is easy to share after the wedding day, for example on social media platforms.<\/span><\/p>\n<p><span>If you wish, the entire wedding ceremony can be recorded as a separate video. Price +300\u20ac.\u00a0<\/span><\/p>\n<p><span>Recording of speeches as audio files +300\u20ac<\/span><\/p>\n<p><span>If the shoot is outside of Rovaniemi, travel and mileage expenses will be added to the price.<\/span><\/p>\n<\/div><\/div><div class=\"et_pb_divider_6 et_pb_divider et_pb_space et_pb_divider_position_center et_pb_module\"><div class=\"et_pb_divider_internal\"><\/div><\/div><\/div><div class=\"et_pb_column_3 et_pb_column et_pb_column_1_2 et-last-child et_block_column et_pb_css_mix_blend_mode_passthrough\"><div class=\"et_pb_text_9 et_pb_text et_pb_bg_layout_light et_pb_module et_block_module et_pb_text_align_center preset--module--divi-text--a5abcb10-3325-493c-9284-c82700b55e5e\"><div class=\"et_pb_text_inner\"><h3>Documentary-style Wedding Photography<\/h3>\n<\/div><\/div><div class=\"et_pb_text_10 et_pb_text et_pb_bg_layout_light et_pb_module et_block_module\"><div class=\"et_pb_text_inner\"><h4>Short Day filming (6 hours)<\/h4>\n<p>Includes approximately 200 edited digital photos.<\/p>\n<\/div><\/div><div class=\"et_pb_text_11 et_pb_text et_pb_bg_layout_light et_pb_module et_block_module et_pb_text_align_right\"><div class=\"et_pb_text_inner\"><p>1600\u20ac<\/p>\n<\/div><\/div><div class=\"et_pb_divider_7 et_pb_divider et_pb_space et_pb_divider_position_center et_pb_module\"><div class=\"et_pb_divider_internal\"><\/div><\/div><div class=\"et_pb_text_12 et_pb_text et_pb_bg_layout_light et_pb_module et_block_module\"><div class=\"et_pb_text_inner\"><h4>Full day 10-12 hours<\/h4>\n<p>Includes approximately 350 edited digital photos.<\/p>\n<\/div><\/div><div class=\"et_pb_text_13 et_pb_text et_pb_bg_layout_light et_pb_module et_block_module et_pb_text_align_right\"><div class=\"et_pb_text_inner\"><p>2150\u20ac<\/p>\n<\/div><\/div><div class=\"et_pb_divider_8 et_pb_divider et_pb_space et_pb_divider_position_center et_pb_module\"><div class=\"et_pb_divider_internal\"><\/div><\/div><div class=\"et_pb_text_14 et_pb_text et_pb_bg_layout_light et_pb_module et_block_module\"><div class=\"et_pb_text_inner\"><p>Prices include VAT. All packages include a planning consultation. Sample photos (approximately 10) will be delivered within two days after the wedding. The remaining photos will be delivered within 2 months.<\/p>\n<p>If the shoot is outside of Rovaniemi, travel and mileage expenses will be added to the price.<\/p>\n<\/div><\/div><div class=\"et_pb_divider_9 et_pb_divider et_pb_space et_pb_divider_position_center et_pb_module\"><div class=\"et_pb_divider_internal\"><\/div><\/div><\/div><\/div><div class=\"et_pb_row_3 et_pb_row et_block_row\"><div class=\"et_pb_column_4 et_pb_column et_pb_column_4_4 et-last-child et_block_column et_pb_css_mix_blend_mode_passthrough\"><div class=\"et_pb_text_15 et_pb_text et_pb_bg_layout_light et_pb_module et_block_module et_pb_text_align_center preset--module--divi-text--a5abcb10-3325-493c-9284-c82700b55e5e\"><div class=\"et_pb_text_inner\"><h3>Documentary-style hybrid shooting (photos+video)<\/h3>\n<\/div><\/div><div class=\"et_pb_text_16 et_pb_text et_pb_bg_layout_light et_pb_module et_block_module\"><div class=\"et_pb_text_inner\"><h4>Full day 10-12 hours<\/h4>\n<p>Video length: 3-4 minutes<\/p>\n<p>Approximately 250 photos<\/p>\n<\/div><\/div><div class=\"et_pb_text_17 et_pb_text et_pb_bg_layout_light et_pb_module et_block_module et_pb_text_align_right\"><div class=\"et_pb_text_inner\"><p>4150\u20ac<\/p>\n<\/div><\/div><div class=\"et_pb_divider_10 et_pb_divider et_pb_space et_pb_divider_position_center et_pb_module\"><div class=\"et_pb_divider_internal\"><\/div><\/div><div class=\"et_pb_text_18 et_pb_text et_pb_bg_layout_light et_pb_module et_block_module\"><div class=\"et_pb_text_inner\"><p>Prices include VAT. All packages include a planning consultation. Sample photos (approximately 10) will be delivered within two days after the wedding. The remaining photos and wedding video will be delivered within 2 months after the wedding day.<\/p>\n<p><span>If the shoot is outside of Rovaniemi, travel and mileage expenses will be added to the price.<\/span><\/p>\n<\/div><\/div><div class=\"et_pb_divider_11 et_pb_divider et_pb_space et_pb_divider_position_center et_pb_module\"><div class=\"et_pb_divider_internal\"><\/div><\/div><\/div><\/div><div class=\"et_pb_row_4 et_pb_row et_block_row\"><div class=\"et_pb_column_5 et_pb_column et_pb_column_1_2 et_block_column et_pb_css_mix_blend_mode_passthrough\"><div class=\"et_pb_text_19 et_pb_text et_pb_bg_layout_light et_pb_module et_block_module et_pb_text_align_center preset--module--divi-text--a5abcb10-3325-493c-9284-c82700b55e5e\"><div class=\"et_pb_text_inner\"><h3>Photography<\/h3>\n<\/div><\/div><div class=\"et_pb_text_20 et_pb_text et_pb_bg_layout_light et_pb_module et_block_module\"><div class=\"et_pb_text_inner\"><h4>Portrait photography<\/h4>\n<p>(Portraits, couples, families)<\/p>\n<p>Includes at least 1 hour of shooting time and 20 edited digital photos.<\/p>\n<\/div><\/div><div class=\"et_pb_text_21 et_pb_text et_pb_bg_layout_light et_pb_module et_block_module et_pb_text_align_right\"><div class=\"et_pb_text_inner\"><p>Price starting from \u20ac250<\/p>\n<\/div><\/div><div class=\"et_pb_divider_12 et_pb_divider et_pb_space et_pb_divider_position_center et_pb_module\"><div class=\"et_pb_divider_internal\"><\/div><\/div><div class=\"et_pb_text_22 et_pb_text et_pb_bg_layout_light et_pb_module et_block_module\"><div class=\"et_pb_text_inner\"><h4>Wedding Portrait Photography<\/h4>\n<p>Includes 1-2 hours of shooting time and 20 edited digital photos.<\/p>\n<\/div><\/div><div class=\"et_pb_text_23 et_pb_text et_pb_bg_layout_light et_pb_module et_block_module et_pb_text_align_right\"><div class=\"et_pb_text_inner\"><p>450\u20ac<\/p>\n<\/div><\/div><div class=\"et_pb_divider_13 et_pb_divider et_pb_space et_pb_divider_position_center et_pb_module\"><div class=\"et_pb_divider_internal\"><\/div><\/div><div class=\"et_pb_text_24 et_pb_text et_pb_bg_layout_light et_pb_module et_block_module\"><div class=\"et_pb_text_inner\"><h4>Ceremony Photography<\/h4>\n<p>Includes 25 edited digital photos.<\/p>\n<\/div><\/div><div class=\"et_pb_text_25 et_pb_text et_pb_bg_layout_light et_pb_module et_block_module et_pb_text_align_right\"><div class=\"et_pb_text_inner\"><p>400\u20ac<\/p>\n<\/div><\/div><div class=\"et_pb_divider_14 et_pb_divider et_pb_space et_pb_divider_position_center et_pb_module\"><div class=\"et_pb_divider_internal\"><\/div><\/div><div class=\"et_pb_text_26 et_pb_text et_pb_bg_layout_light et_pb_module et_block_module\"><div class=\"et_pb_text_inner\"><p>Additional photos available for \u20ac20 each.<\/p>\n<\/div><\/div><div class=\"et_pb_divider_15 et_pb_divider et_pb_space et_pb_divider_position_center et_pb_module\"><div class=\"et_pb_divider_internal\"><\/div><\/div><\/div><div class=\"et_pb_column_6 et_pb_column et_pb_column_1_2 et-last-child et_block_column et_pb_css_mix_blend_mode_passthrough\"><div class=\"et_pb_text_27 et_pb_text et_pb_bg_layout_light et_pb_module et_block_module et_pb_text_align_center preset--module--divi-text--a5abcb10-3325-493c-9284-c82700b55e5e\"><div class=\"et_pb_text_inner\"><h3>Corporate videos<\/h3>\n<\/div><\/div><div class=\"et_pb_text_28 et_pb_text et_pb_bg_layout_light et_pb_module et_block_module\"><div class=\"et_pb_text_inner\"><p>Corporate videos are tailored to meet your specific needs, so feel free to request a quote!<\/p>\n<p>My services include corporate presentations, property showcases, interview videos, and various event highlight reels.<\/p>\n<\/div><\/div><\/div><\/div><\/div><div class=\"et_pb_section_2 et_pb_section et_section_regular et_block_section\"><div class=\"et_pb_row_5 et_pb_row et_block_row\"><div class=\"et_pb_column_7 et_pb_column et_pb_column_1_3 et_block_column et_pb_css_mix_blend_mode_passthrough\"><div class=\"et_pb_text_29 et_pb_text et_pb_bg_layout_light et_pb_module et_block_module et_pb_text_align_left-tablet preset--module--divi-text--cf37151b-1dfa-4d95-9781-568044a51f4a\"><div class=\"et_pb_text_inner\"><h2>Lappi Films<\/h2>\n<\/div><\/div><\/div><div class=\"et_pb_column_8 et_pb_column et_pb_column_1_3 et_block_column et_pb_css_mix_blend_mode_passthrough\"><div class=\"et_pb_text_30 et_pb_text et_pb_bg_layout_light et_clickable et_pb_module et_block_module preset--module--divi-text--84e8cc2b-3b56-4ba2-b8a3-693f17b3969c\"><div class=\"et_pb_text_inner\"><p>Get in touch<\/p>\n<\/div><\/div><ul class=\"et_pb_social_media_follow_0 et_pb_social_media_follow clearfix et_pb_bg_layout_light et_pb_module et_block_module\"><li class=\"et_pb_social_media_follow_network_0 et_pb_social_media_follow_network et_pb_social_icon et_pb_social_network_link et-social-facebook et_pb_module et_flex_module\"><a href=\"https:\/\/www.facebook.com\/LappiFilms\/\" class=\"icon\" target=\"_self\" title=\"Follow on Facebook\" rel=\"noopener\"><span class=\"et_pb_social_media_follow_network_name\">Follow<\/span><\/a><\/li><li class=\"et_pb_social_media_follow_network_1 et_pb_social_media_follow_network et_pb_social_icon et_pb_social_network_link et-social-instagram et_pb_module et_flex_module\"><a href=\"https:\/\/www.instagram.com\/lappifilms\/\" class=\"icon\" target=\"_self\" title=\"Follow on Instagram\" rel=\"noopener\"><span class=\"et_pb_social_media_follow_network_name\">Follow<\/span><\/a><\/li><li class=\"et_pb_social_media_follow_network_2 et_pb_social_media_follow_network et_pb_social_icon et_pb_social_network_link et-social-youtube et_pb_module et_flex_module\"><a href=\"https:\/\/www.youtube.com\/@lappifilms\/videos\" class=\"icon\" target=\"_self\" title=\"Follow on Youtube\" rel=\"noopener\"><span class=\"et_pb_social_media_follow_network_name\">Follow<\/span><\/a><\/li><\/ul><\/div><div class=\"et_pb_column_9 et_pb_column et_pb_column_1_3 et-last-child et_block_column et_pb_css_mix_blend_mode_passthrough\"><div class=\"et_pb_blurb_0 et_pb_blurb et_pb_bg_layout_light et_pb_blurb_position_left et_pb_module et_block_module preset--module--divi-blurb--05620eb5-9f38-4870-9ddd-3d46f339aa10\"><div class=\"et_pb_blurb_content\"><div class=\"et_pb_main_blurb_image\"><span class=\"et_pb_image_wrap\"><span class=\"et-pb-icon\">\ue090<\/span><\/span><\/div><div class=\"et_pb_blurb_container\"><div class=\"et_pb_blurb_description\"><p>+358 45 172 3356<\/p>\n<\/div><\/div><\/div><\/div><div class=\"et_pb_blurb_1 et_pb_blurb et_pb_bg_layout_light et_pb_blurb_position_left et_pb_module et_block_module preset--module--divi-blurb--05620eb5-9f38-4870-9ddd-3d46f339aa10\"><div class=\"et_pb_blurb_content\"><div class=\"et_pb_main_blurb_image\"><span class=\"et_pb_image_wrap\"><span class=\"et-pb-icon\">\uf0e0<\/span><\/span><\/div><div class=\"et_pb_blurb_container\"><div class=\"et_pb_blurb_description\"><p>lappifilms@gmail.com<\/p>\n<\/div><\/div><\/div><\/div><div class=\"et_pb_blurb_2 et_pb_blurb et_pb_bg_layout_light et_pb_blurb_position_left et_pb_module et_block_module preset--module--divi-blurb--05620eb5-9f38-4870-9ddd-3d46f339aa10\"><div class=\"et_pb_blurb_content\"><div class=\"et_pb_main_blurb_image\"><span class=\"et_pb_image_wrap\"><span class=\"et-pb-icon\">\uf3c5<\/span><\/span><\/div><div class=\"et_pb_blurb_container\"><div class=\"et_pb_blurb_description\"><p>Rovaniemi, Lapland<\/p>\n<\/div><\/div><\/div><\/div><\/div><\/div><\/div>","protected":false},"excerpt":{"rendered":"<p>Katso kuvauspalveluiden hinnat ja pakettivaihtoehdot. Selke\u00e4 ja l\u00e4pin\u00e4kyv\u00e4 hinnoittelu h\u00e4\u00e4kuvauksesta yritysvideoihin.<\/p>","protected":false},"author":1,"featured_media":244445,"parent":0,"menu_order":0,"comment_status":"closed","ping_status":"closed","template":"","meta":{"footnotes":""},"class_list":["post-244449","page","type-page","status-publish","has-post-thumbnail","hentry"],"yoast_head":"<!-- This site is optimized with the Yoast SEO plugin v27.4 - https:\/\/yoast.com\/product\/yoast-seo-wordpress\/ -->\n<title>H\u00e4\u00e4videon ja valokuvauksen hinnasto \u2013 Lappi Films<\/title>\n<meta name=\"description\" content=\"Tutustu h\u00e4\u00e4videoiden ja valokuvauspalveluiden hintoihin. Lappifilms tarjoaa elokuvamaiset h\u00e4\u00e4videot ja kuvat Lapissa ja koko Suomessa \u2013 l\u00e4pin\u00e4kyv\u00e4 hinnoittelu.\" \/>\n<meta name=\"robots\" content=\"index, follow, max-snippet:-1, max-image-preview:large, max-video-preview:-1\" \/>\n<link rel=\"canonical\" href=\"https:\/\/www.lappifilms.fi\/en\/hinnasto\/\" \/>\n<meta property=\"og:locale\" content=\"en_US\" \/>\n<meta property=\"og:type\" content=\"article\" \/>\n<meta property=\"og:title\" content=\"H\u00e4\u00e4videon ja valokuvauksen hinnasto \u2013 Lappi Films\" \/>\n<meta property=\"og:description\" content=\"Tutustu h\u00e4\u00e4videoiden ja valokuvauspalveluiden hintoihin. Lappifilms tarjoaa elokuvamaiset h\u00e4\u00e4videot ja kuvat Lapissa ja koko Suomessa \u2013 l\u00e4pin\u00e4kyv\u00e4 hinnoittelu.\" \/>\n<meta property=\"og:url\" content=\"https:\/\/www.lappifilms.fi\/en\/hinnasto\/\" \/>\n<meta property=\"og:site_name\" content=\"Lappi Films\" \/>\n<meta property=\"article:publisher\" content=\"https:\/\/www.facebook.com\/LappiFilms\" \/>\n<meta property=\"article:modified_time\" content=\"2026-04-23T07:11:21+00:00\" \/>\n<meta property=\"og:image\" content=\"https:\/\/www.lappifilms.fi\/wp-content\/uploads\/2023\/12\/wedding-photographer-63.jpg\" \/>\n\t<meta property=\"og:image:width\" content=\"500\" \/>\n\t<meta property=\"og:image:height\" content=\"700\" \/>\n\t<meta property=\"og:image:type\" content=\"image\/jpeg\" \/>\n<meta name=\"twitter:card\" content=\"summary_large_image\" \/>\n<meta name=\"twitter:label1\" content=\"Est. reading time\" \/>\n\t<meta name=\"twitter:data1\" content=\"2 minutes\" \/>\n<script type=\"application\/ld+json\" class=\"yoast-schema-graph\">{\"@context\":\"https:\\\/\\\/schema.org\",\"@graph\":[{\"@type\":\"WebPage\",\"@id\":\"https:\\\/\\\/www.lappifilms.fi\\\/hinnasto\\\/\",\"url\":\"https:\\\/\\\/www.lappifilms.fi\\\/hinnasto\\\/\",\"name\":\"H\u00e4\u00e4videon ja valokuvauksen hinnasto \u2013 Lappi Films\",\"isPartOf\":{\"@id\":\"https:\\\/\\\/www.lappifilms.fi\\\/#website\"},\"primaryImageOfPage\":{\"@id\":\"https:\\\/\\\/www.lappifilms.fi\\\/hinnasto\\\/#primaryimage\"},\"image\":{\"@id\":\"https:\\\/\\\/www.lappifilms.fi\\\/hinnasto\\\/#primaryimage\"},\"thumbnailUrl\":\"https:\\\/\\\/www.lappifilms.fi\\\/wp-content\\\/uploads\\\/2023\\\/12\\\/wedding-photographer-63.jpg\",\"datePublished\":\"2023-12-01T06:25:21+00:00\",\"dateModified\":\"2026-04-23T07:11:21+00:00\",\"description\":\"Tutustu h\u00e4\u00e4videoiden ja valokuvauspalveluiden hintoihin. Lappifilms tarjoaa elokuvamaiset h\u00e4\u00e4videot ja kuvat Lapissa ja koko Suomessa \u2013 l\u00e4pin\u00e4kyv\u00e4 hinnoittelu.\",\"breadcrumb\":{\"@id\":\"https:\\\/\\\/www.lappifilms.fi\\\/hinnasto\\\/#breadcrumb\"},\"inLanguage\":\"en-US\",\"potentialAction\":[{\"@type\":\"ReadAction\",\"target\":[\"https:\\\/\\\/www.lappifilms.fi\\\/hinnasto\\\/\"]}]},{\"@type\":\"ImageObject\",\"inLanguage\":\"en-US\",\"@id\":\"https:\\\/\\\/www.lappifilms.fi\\\/hinnasto\\\/#primaryimage\",\"url\":\"https:\\\/\\\/www.lappifilms.fi\\\/wp-content\\\/uploads\\\/2023\\\/12\\\/wedding-photographer-63.jpg\",\"contentUrl\":\"https:\\\/\\\/www.lappifilms.fi\\\/wp-content\\\/uploads\\\/2023\\\/12\\\/wedding-photographer-63.jpg\",\"width\":500,\"height\":700,\"caption\":\"Morsian ja kukkakimppu\"},{\"@type\":\"BreadcrumbList\",\"@id\":\"https:\\\/\\\/www.lappifilms.fi\\\/hinnasto\\\/#breadcrumb\",\"itemListElement\":[{\"@type\":\"ListItem\",\"position\":1,\"name\":\"Etusivu\",\"item\":\"https:\\\/\\\/www.lappifilms.fi\\\/\"},{\"@type\":\"ListItem\",\"position\":2,\"name\":\"Hinnasto\"}]},{\"@type\":\"WebSite\",\"@id\":\"https:\\\/\\\/www.lappifilms.fi\\\/#website\",\"url\":\"https:\\\/\\\/www.lappifilms.fi\\\/\",\"name\":\"Lappi Films\",\"description\":\"Video- ja valokuvaus\",\"publisher\":{\"@id\":\"https:\\\/\\\/www.lappifilms.fi\\\/#\\\/schema\\\/person\\\/13895667e3c25e0ee4e179040671e373\"},\"potentialAction\":[{\"@type\":\"SearchAction\",\"target\":{\"@type\":\"EntryPoint\",\"urlTemplate\":\"https:\\\/\\\/www.lappifilms.fi\\\/?s={search_term_string}\"},\"query-input\":{\"@type\":\"PropertyValueSpecification\",\"valueRequired\":true,\"valueName\":\"search_term_string\"}}],\"inLanguage\":\"en-US\"},{\"@type\":[\"Person\",\"Organization\"],\"@id\":\"https:\\\/\\\/www.lappifilms.fi\\\/#\\\/schema\\\/person\\\/13895667e3c25e0ee4e179040671e373\",\"name\":\"Anssi Ylipulli\",\"image\":{\"@type\":\"ImageObject\",\"inLanguage\":\"en-US\",\"@id\":\"https:\\\/\\\/www.lappifilms.fi\\\/wp-content\\\/uploads\\\/2023\\\/03\\\/anssi-001-5.jpg\",\"url\":\"https:\\\/\\\/www.lappifilms.fi\\\/wp-content\\\/uploads\\\/2023\\\/03\\\/anssi-001-5.jpg\",\"contentUrl\":\"https:\\\/\\\/www.lappifilms.fi\\\/wp-content\\\/uploads\\\/2023\\\/03\\\/anssi-001-5.jpg\",\"width\":1600,\"height\":1920,\"caption\":\"Anssi Ylipulli\"},\"logo\":{\"@id\":\"https:\\\/\\\/www.lappifilms.fi\\\/wp-content\\\/uploads\\\/2023\\\/03\\\/anssi-001-5.jpg\"},\"description\":\"Lappi Filmsin kautta saat laadukkaat h\u00e4\u00e4videot, markkinointivideot yrityksellesi ja valokuvat kaikkiin tarpeisiin.\",\"sameAs\":[\"http:\\\/\\\/www.lappifilms.fi\",\"https:\\\/\\\/www.facebook.com\\\/LappiFilms\",\"https:\\\/\\\/www.instagram.com\\\/lappifilms\\\/\",\"https:\\\/\\\/www.youtube.com\\\/channel\\\/UC3Q-m599ZI0Oc7JyKVeiZ0A\"]}]}<\/script>\n<!-- \/ Yoast SEO plugin. -->","yoast_head_json":{"title":"H\u00e4\u00e4videon ja valokuvauksen hinnasto \u2013 Lappi Films","description":"Tutustu h\u00e4\u00e4videoiden ja valokuvauspalveluiden hintoihin. Lappifilms tarjoaa elokuvamaiset h\u00e4\u00e4videot ja kuvat Lapissa ja koko Suomessa \u2013 l\u00e4pin\u00e4kyv\u00e4 hinnoittelu.","robots":{"index":"index","follow":"follow","max-snippet":"max-snippet:-1","max-image-preview":"max-image-preview:large","max-video-preview":"max-video-preview:-1"},"canonical":"https:\/\/www.lappifilms.fi\/en\/hinnasto\/","og_locale":"en_US","og_type":"article","og_title":"H\u00e4\u00e4videon ja valokuvauksen hinnasto \u2013 Lappi Films","og_description":"Tutustu h\u00e4\u00e4videoiden ja valokuvauspalveluiden hintoihin. Lappifilms tarjoaa elokuvamaiset h\u00e4\u00e4videot ja kuvat Lapissa ja koko Suomessa \u2013 l\u00e4pin\u00e4kyv\u00e4 hinnoittelu.","og_url":"https:\/\/www.lappifilms.fi\/en\/hinnasto\/","og_site_name":"Lappi Films","article_publisher":"https:\/\/www.facebook.com\/LappiFilms","article_modified_time":"2026-04-23T07:11:21+00:00","og_image":[{"width":500,"height":700,"url":"https:\/\/www.lappifilms.fi\/wp-content\/uploads\/2023\/12\/wedding-photographer-63.jpg","type":"image\/jpeg"}],"twitter_card":"summary_large_image","twitter_misc":{"Est. reading time":"2 minutes"},"schema":{"@context":"https:\/\/schema.org","@graph":[{"@type":"WebPage","@id":"https:\/\/www.lappifilms.fi\/hinnasto\/","url":"https:\/\/www.lappifilms.fi\/hinnasto\/","name":"H\u00e4\u00e4videon ja valokuvauksen hinnasto \u2013 Lappi Films","isPartOf":{"@id":"https:\/\/www.lappifilms.fi\/#website"},"primaryImageOfPage":{"@id":"https:\/\/www.lappifilms.fi\/hinnasto\/#primaryimage"},"image":{"@id":"https:\/\/www.lappifilms.fi\/hinnasto\/#primaryimage"},"thumbnailUrl":"https:\/\/www.lappifilms.fi\/wp-content\/uploads\/2023\/12\/wedding-photographer-63.jpg","datePublished":"2023-12-01T06:25:21+00:00","dateModified":"2026-04-23T07:11:21+00:00","description":"Tutustu h\u00e4\u00e4videoiden ja valokuvauspalveluiden hintoihin. Lappifilms tarjoaa elokuvamaiset h\u00e4\u00e4videot ja kuvat Lapissa ja koko Suomessa \u2013 l\u00e4pin\u00e4kyv\u00e4 hinnoittelu.","breadcrumb":{"@id":"https:\/\/www.lappifilms.fi\/hinnasto\/#breadcrumb"},"inLanguage":"en-US","potentialAction":[{"@type":"ReadAction","target":["https:\/\/www.lappifilms.fi\/hinnasto\/"]}]},{"@type":"ImageObject","inLanguage":"en-US","@id":"https:\/\/www.lappifilms.fi\/hinnasto\/#primaryimage","url":"https:\/\/www.lappifilms.fi\/wp-content\/uploads\/2023\/12\/wedding-photographer-63.jpg","contentUrl":"https:\/\/www.lappifilms.fi\/wp-content\/uploads\/2023\/12\/wedding-photographer-63.jpg","width":500,"height":700,"caption":"Morsian ja kukkakimppu"},{"@type":"BreadcrumbList","@id":"https:\/\/www.lappifilms.fi\/hinnasto\/#breadcrumb","itemListElement":[{"@type":"ListItem","position":1,"name":"Etusivu","item":"https:\/\/www.lappifilms.fi\/"},{"@type":"ListItem","position":2,"name":"Hinnasto"}]},{"@type":"WebSite","@id":"https:\/\/www.lappifilms.fi\/#website","url":"https:\/\/www.lappifilms.fi\/","name":"Lappi Films","description":"Video- ja valokuvaus","publisher":{"@id":"https:\/\/www.lappifilms.fi\/#\/schema\/person\/13895667e3c25e0ee4e179040671e373"},"potentialAction":[{"@type":"SearchAction","target":{"@type":"EntryPoint","urlTemplate":"https:\/\/www.lappifilms.fi\/?s={search_term_string}"},"query-input":{"@type":"PropertyValueSpecification","valueRequired":true,"valueName":"search_term_string"}}],"inLanguage":"en-US"},{"@type":["Person","Organization"],"@id":"https:\/\/www.lappifilms.fi\/#\/schema\/person\/13895667e3c25e0ee4e179040671e373","name":"Anssi Ylipulli","image":{"@type":"ImageObject","inLanguage":"en-US","@id":"https:\/\/www.lappifilms.fi\/wp-content\/uploads\/2023\/03\/anssi-001-5.jpg","url":"https:\/\/www.lappifilms.fi\/wp-content\/uploads\/2023\/03\/anssi-001-5.jpg","contentUrl":"https:\/\/www.lappifilms.fi\/wp-content\/uploads\/2023\/03\/anssi-001-5.jpg","width":1600,"height":1920,"caption":"Anssi Ylipulli"},"logo":{"@id":"https:\/\/www.lappifilms.fi\/wp-content\/uploads\/2023\/03\/anssi-001-5.jpg"},"description":"Lappi Filmsin kautta saat laadukkaat h\u00e4\u00e4videot, markkinointivideot yrityksellesi ja valokuvat kaikkiin tarpeisiin.","sameAs":["http:\/\/www.lappifilms.fi","https:\/\/www.facebook.com\/LappiFilms","https:\/\/www.instagram.com\/lappifilms\/","https:\/\/www.youtube.com\/channel\/UC3Q-m599ZI0Oc7JyKVeiZ0A"]}]}},"_links":{"self":[{"href":"https:\/\/www.lappifilms.fi\/en\/wp-json\/wp\/v2\/pages\/244449","targetHints":{"allow":["GET"]}}],"collection":[{"href":"https:\/\/www.lappifilms.fi\/en\/wp-json\/wp\/v2\/pages"}],"about":[{"href":"https:\/\/www.lappifilms.fi\/en\/wp-json\/wp\/v2\/types\/page"}],"author":[{"embeddable":true,"href":"https:\/\/www.lappifilms.fi\/en\/wp-json\/wp\/v2\/users\/1"}],"replies":[{"embeddable":true,"href":"https:\/\/www.lappifilms.fi\/en\/wp-json\/wp\/v2\/comments?post=244449"}],"version-history":[{"count":0,"href":"https:\/\/www.lappifilms.fi\/en\/wp-json\/wp\/v2\/pages\/244449\/revisions"}],"wp:featuredmedia":[{"embeddable":true,"href":"https:\/\/www.lappifilms.fi\/en\/wp-json\/wp\/v2\/media\/244445"}],"wp:attachment":[{"href":"https:\/\/www.lappifilms.fi\/en\/wp-json\/wp\/v2\/media?parent=244449"}],"curies":[{"name":"wp","href":"https:\/\/api.w.org\/{rel}","templated":true}]}}