{"id":95439,"date":"2020-08-26T07:39:50","date_gmt":"2020-08-26T07:39:50","guid":{"rendered":"http:\/\/www.clientesdestacaimagen.com\/spp\/?page_id=42"},"modified":"2026-04-23T16:40:40","modified_gmt":"2026-04-23T14:40:40","slug":"otayhteytta","status":"publish","type":"page","link":"https:\/\/www.lappifilms.fi\/en\/otayhteytta\/","title":{"rendered":"Contact"},"content":{"rendered":"<div class=\"et_pb_section_0 et_pb_section et_section_regular et_block_section\">\n<div class=\"et_pb_row_0 et_pb_row et_pb_gutters3 et_block_row\">\n<div class=\"et_pb_column_0 et_pb_column et_pb_column_2_5 et_block_column et_pb_css_mix_blend_mode_passthrough\">\n<div class=\"et_pb_text_0 et_pb_text et_pb_bg_layout_light et_animated et_pb_module et_block_module\"><div class=\"et_pb_text_inner\"><h1>Ota yhteytt\u00e4 Lappi Films - valokuvaus ja videotuotanto Lapissa<\/h1>\n<\/div><\/div>\n\n<ul class=\"et_pb_social_media_follow_0 et_pb_social_media_follow clearfix et_pb_bg_layout_light et_animated et_pb_module et_block_module\">\n<li class=\"et_pb_social_media_follow_network_0 et_pb_social_media_follow_network et_pb_social_icon et_pb_social_network_link et-social-facebook et_pb_module et_flex_module\"><a href=\"https:\/\/www.facebook.com\/LappiFilms\" class=\"icon\" target=\"_self\" title=\"Follow on Facebook\" rel=\"noopener\"><span class=\"et_pb_social_media_follow_network_name\">Follow<\/span><\/a><\/li>\n\n<li class=\"et_pb_social_media_follow_network_1 et_pb_social_media_follow_network et_pb_social_icon et_pb_social_network_link et-social-instagram et_pb_module et_flex_module\"><a href=\"https:\/\/www.instagram.com\/lappifilms\/\" class=\"icon\" target=\"_self\" title=\"Follow on Instagram\" rel=\"noopener\"><span class=\"et_pb_social_media_follow_network_name\">Follow<\/span><\/a><\/li>\n<\/ul>\n\n<div class=\"et_pb_text_1 et_pb_text et_pb_bg_layout_light et_animated et_pb_module et_block_module\"><div class=\"et_pb_text_inner\"><p>Laitetaan onnistumaan!<\/p>\n<\/div><\/div>\n\n<div class=\"et_pb_text_2 et_pb_text et_pb_bg_layout_light et_animated et_pb_module et_block_module\"><div class=\"et_pb_text_inner\"><p>Lappi Films on rovaniemel\u00e4inen yritys, jonka takana on valokuvaaja ja videokuvaaja Anssi Ylipulli. Tarjoan ammattitason valokuvaus- ja videotuotantopalveluja Rovaniemell\u00e4 ja kaikkialla Lapissa.<\/p>\n<p>Ota matalalla kynnyksell\u00e4 yhteytt\u00e4, niin suunnitellaan yhdess\u00e4 ikimuistoiset kuvaukset.<\/p>\n<p class=\"p1\"><b>Lappi Films \u2013 Valokuvaus ja videotuotanto<\/b><\/p>\n<p class=\"p1\"><b>Phone: +358 45 172 3356<\/b><\/p>\n<p class=\"p1\"><b>Email: lappifilms@gmail.com<\/b><span class=\"s1\"><span class=\"Apple-converted-space\">\u00a0 <\/span><\/span><span class=\"s2\"><\/span><\/p>\n<\/div><\/div>\n<\/div>\n\n<div class=\"et_pb_column_1 et_pb_column et_pb_column_3_5 et-last-child et_block_column et_pb_css_mix_blend_mode_passthrough\">\n<div class=\"et_pb_contact_form_0 et_pb_contact_form_container clearfix et_animated et_pb_module et_flex_module\" data-form_unique_num=\"0\" data-form_unique_id=\"99bce581-a9ef-4c0e-89c7-a6086ec89c2c\" id=\"contact-form\"><div class=\"et-pb-contact-message\"><\/div><div class=\"et_pb_contact\"><form class=\"et_pb_contact_form et_flex_module\" method=\"post\" action=\"https:\/\/www.lappifilms.fi\/en\/wp-json\/wp\/v2\/pages\/95439\">\n<div class=\"et_pb_contact_field_0 et_pb_contact_field et_pb_module et_flex_module et_flex_column_24_24 et_flex_column_24_24_tablet et_flex_column_24_24_phone\" data-id=\"name\" data-type=\"input\"><label class=\"et_pb_contact_form_label\" for=\"et_pb_contact_0_name_0\">Nimi<\/label><input type=\"text\" name=\"et_pb_contact_0_name_0\" id=\"et_pb_contact_0_name_0\" class=\"input\" data-required_mark=\"required\" data-field_type=\"input\" data-original_id=\"name\" placeholder=\"Nimi\" title=\"\" value=\"\" \/><\/div>\n\n<div class=\"et_pb_contact_field_1 et_pb_contact_field et_pb_module et_flex_module et_flex_column_24_24 et_flex_column_24_24_tablet et_flex_column_24_24_phone\" data-id=\"email\" data-type=\"email\"><label class=\"et_pb_contact_form_label\" for=\"et_pb_contact_0_email_1\">S\u00e4hk\u00f6posti<\/label><input type=\"text\" name=\"et_pb_contact_0_email_1\" id=\"et_pb_contact_0_email_1\" class=\"input\" data-required_mark=\"required\" data-field_type=\"email\" data-original_id=\"email\" placeholder=\"S\u00e4hk\u00f6posti\" title=\"\" value=\"\" \/><\/div>\n\n<div class=\"et_pb_contact_field_2 et_pb_contact_field et_pb_module et_flex_module et_flex_column_24_24 et_flex_column_24_24_tablet et_flex_column_24_24_phone\" data-id=\"phone\" data-type=\"input\"><label class=\"et_pb_contact_form_label\" for=\"et_pb_contact_0_phone_2\">Puhelin<\/label><input type=\"text\" name=\"et_pb_contact_0_phone_2\" id=\"et_pb_contact_0_phone_2\" class=\"input\" data-required_mark=\"not_required\" data-field_type=\"input\" data-original_id=\"phone\" placeholder=\"Puhelin\" pattern=\"[0-9\\s\\-]*\" title=\"Only numbers allowed.\" value=\"\" \/><\/div>\n\n<div class=\"et_pb_contact_field_3 et_pb_contact_field et_pb_module et_flex_module et_flex_column_24_24 et_flex_column_24_24_tablet et_flex_column_24_24_phone\" data-id=\"subject\" data-type=\"input\"><label class=\"et_pb_contact_form_label\" for=\"et_pb_contact_0_subject_3\">Aihe<\/label><input type=\"text\" name=\"et_pb_contact_0_subject_3\" id=\"et_pb_contact_0_subject_3\" class=\"input\" data-required_mark=\"required\" data-field_type=\"input\" data-original_id=\"subject\" placeholder=\"Aihe\" title=\"\" value=\"\" \/><\/div>\n\n<div class=\"et_pb_contact_field_4 et_pb_contact_field et_pb_module et_flex_module et_flex_column_24_24 et_flex_column_24_24_tablet et_flex_column_24_24_phone\" data-id=\"message\" data-type=\"text\"><label class=\"et_pb_contact_form_label\" for=\"et_pb_contact_0_message_4\">Viesti<\/label><textarea name=\"et_pb_contact_0_message_4\" id=\"et_pb_contact_0_message_4\" class=\"et_pb_contact_message input\" data-required_mark=\"required\" data-field_type=\"text\" data-original_id=\"message\" placeholder=\"Viesti\"><\/textarea><\/div>\n<input type=\"hidden\" name=\"et_pb_contactform_submit_99bce581-a9ef-4c0e-89c7-a6086ec89c2c\" value=\"et_contact_proccess\" \/><div class=\"et_contact_bottom_container\"><div class=\"et_pb_button_wrapper\"><button type=\"submit\" name=\"et_builder_submit_button\" class=\"et_pb_button et_pb_contact_submit\">l\u00e4het\u00e4<\/button><\/div><\/div><input type=\"hidden\" id=\"_wpnonce-et-pb-contact-form-submitted-99bce581-a9ef-4c0e-89c7-a6086ec89c2c\" name=\"_wpnonce-et-pb-contact-form-submitted-99bce581-a9ef-4c0e-89c7-a6086ec89c2c\" value=\"cebab048b9\" \/><input type=\"hidden\" name=\"_wp_http_referer\" value=\"\/en\/wp-json\/wp\/v2\/pages\/95439\" \/><\/form><\/div><\/div>\n<\/div>\n<\/div>\n<\/div>","protected":false},"excerpt":{"rendered":"","protected":false},"author":1,"featured_media":0,"parent":0,"menu_order":11,"comment_status":"closed","ping_status":"closed","template":"","meta":{"footnotes":""},"class_list":["post-95439","page","type-page","status-publish","hentry"],"yoast_head":"<!-- This site is optimized with the Yoast SEO plugin v27.4 - https:\/\/yoast.com\/product\/yoast-seo-wordpress\/ -->\n<title>Photographer in Rovaniemi | Lappi Films \u2013 Photography in Lapland<\/title>\n<meta name=\"description\" content=\"Looking for a photographer in Rovaniemi or Lapland? Contact Lappi Films for professional travel, wedding and marketing photography in Finnish Lapland.\" \/>\n<meta name=\"robots\" content=\"index, follow, max-snippet:-1, max-image-preview:large, max-video-preview:-1\" \/>\n<link rel=\"canonical\" href=\"https:\/\/www.lappifilms.fi\/en\/otayhteytta\/\" \/>\n<meta property=\"og:locale\" content=\"en_US\" \/>\n<meta property=\"og:type\" content=\"article\" \/>\n<meta property=\"og:title\" content=\"Photographer in Rovaniemi | Lappi Films \u2013 Photography in Lapland\" \/>\n<meta property=\"og:description\" content=\"Looking for a photographer in Rovaniemi or Lapland? Contact Lappi Films for professional travel, wedding and marketing photography in Finnish Lapland.\" \/>\n<meta property=\"og:url\" content=\"https:\/\/www.lappifilms.fi\/en\/otayhteytta\/\" \/>\n<meta property=\"og:site_name\" content=\"Lappi Films\" \/>\n<meta property=\"article:publisher\" content=\"https:\/\/www.facebook.com\/LappiFilms\" \/>\n<meta property=\"article:modified_time\" content=\"2026-04-23T14:40:40+00:00\" \/>\n<meta name=\"twitter:card\" content=\"summary_large_image\" \/>\n<meta name=\"twitter:label1\" content=\"Est. reading time\" \/>\n\t<meta name=\"twitter:data1\" content=\"1 minute\" \/>\n<script type=\"application\/ld+json\" class=\"yoast-schema-graph\">{\"@context\":\"https:\\\/\\\/schema.org\",\"@graph\":[{\"@type\":\"WebPage\",\"@id\":\"https:\\\/\\\/www.lappifilms.fi\\\/otayhteytta\\\/\",\"url\":\"https:\\\/\\\/www.lappifilms.fi\\\/otayhteytta\\\/\",\"name\":\"Photographer in Rovaniemi | Lappi Films \u2013 Photography in Lapland\",\"isPartOf\":{\"@id\":\"https:\\\/\\\/www.lappifilms.fi\\\/#website\"},\"datePublished\":\"2020-08-26T07:39:50+00:00\",\"dateModified\":\"2026-04-23T14:40:40+00:00\",\"description\":\"Looking for a photographer in Rovaniemi or Lapland? Contact Lappi Films for professional travel, wedding and marketing photography in Finnish Lapland.\",\"breadcrumb\":{\"@id\":\"https:\\\/\\\/www.lappifilms.fi\\\/otayhteytta\\\/#breadcrumb\"},\"inLanguage\":\"en-US\",\"potentialAction\":[{\"@type\":\"ReadAction\",\"target\":[\"https:\\\/\\\/www.lappifilms.fi\\\/otayhteytta\\\/\"]}]},{\"@type\":\"BreadcrumbList\",\"@id\":\"https:\\\/\\\/www.lappifilms.fi\\\/otayhteytta\\\/#breadcrumb\",\"itemListElement\":[{\"@type\":\"ListItem\",\"position\":1,\"name\":\"Etusivu\",\"item\":\"https:\\\/\\\/www.lappifilms.fi\\\/\"},{\"@type\":\"ListItem\",\"position\":2,\"name\":\"Ota yhteytt\u00e4\"}]},{\"@type\":\"WebSite\",\"@id\":\"https:\\\/\\\/www.lappifilms.fi\\\/#website\",\"url\":\"https:\\\/\\\/www.lappifilms.fi\\\/\",\"name\":\"Lappi Films\",\"description\":\"Video- ja valokuvaus\",\"publisher\":{\"@id\":\"https:\\\/\\\/www.lappifilms.fi\\\/#\\\/schema\\\/person\\\/13895667e3c25e0ee4e179040671e373\"},\"potentialAction\":[{\"@type\":\"SearchAction\",\"target\":{\"@type\":\"EntryPoint\",\"urlTemplate\":\"https:\\\/\\\/www.lappifilms.fi\\\/?s={search_term_string}\"},\"query-input\":{\"@type\":\"PropertyValueSpecification\",\"valueRequired\":true,\"valueName\":\"search_term_string\"}}],\"inLanguage\":\"en-US\"},{\"@type\":[\"Person\",\"Organization\"],\"@id\":\"https:\\\/\\\/www.lappifilms.fi\\\/#\\\/schema\\\/person\\\/13895667e3c25e0ee4e179040671e373\",\"name\":\"Anssi Ylipulli\",\"image\":{\"@type\":\"ImageObject\",\"inLanguage\":\"en-US\",\"@id\":\"https:\\\/\\\/www.lappifilms.fi\\\/wp-content\\\/uploads\\\/2023\\\/03\\\/anssi-001-5.jpg\",\"url\":\"https:\\\/\\\/www.lappifilms.fi\\\/wp-content\\\/uploads\\\/2023\\\/03\\\/anssi-001-5.jpg\",\"contentUrl\":\"https:\\\/\\\/www.lappifilms.fi\\\/wp-content\\\/uploads\\\/2023\\\/03\\\/anssi-001-5.jpg\",\"width\":1600,\"height\":1920,\"caption\":\"Anssi Ylipulli\"},\"logo\":{\"@id\":\"https:\\\/\\\/www.lappifilms.fi\\\/wp-content\\\/uploads\\\/2023\\\/03\\\/anssi-001-5.jpg\"},\"description\":\"Lappi Filmsin kautta saat laadukkaat h\u00e4\u00e4videot, markkinointivideot yrityksellesi ja valokuvat kaikkiin tarpeisiin.\",\"sameAs\":[\"http:\\\/\\\/www.lappifilms.fi\",\"https:\\\/\\\/www.facebook.com\\\/LappiFilms\",\"https:\\\/\\\/www.instagram.com\\\/lappifilms\\\/\",\"https:\\\/\\\/www.youtube.com\\\/channel\\\/UC3Q-m599ZI0Oc7JyKVeiZ0A\"]}]}<\/script>\n<!-- \/ Yoast SEO plugin. -->","yoast_head_json":{"title":"Photographer in Rovaniemi | Lappi Films \u2013 Photography in Lapland","description":"Looking for a photographer in Rovaniemi or Lapland? Contact Lappi Films for professional travel, wedding and marketing photography in Finnish Lapland.","robots":{"index":"index","follow":"follow","max-snippet":"max-snippet:-1","max-image-preview":"max-image-preview:large","max-video-preview":"max-video-preview:-1"},"canonical":"https:\/\/www.lappifilms.fi\/en\/otayhteytta\/","og_locale":"en_US","og_type":"article","og_title":"Photographer in Rovaniemi | Lappi Films \u2013 Photography in Lapland","og_description":"Looking for a photographer in Rovaniemi or Lapland? Contact Lappi Films for professional travel, wedding and marketing photography in Finnish Lapland.","og_url":"https:\/\/www.lappifilms.fi\/en\/otayhteytta\/","og_site_name":"Lappi Films","article_publisher":"https:\/\/www.facebook.com\/LappiFilms","article_modified_time":"2026-04-23T14:40:40+00:00","twitter_card":"summary_large_image","twitter_misc":{"Est. reading time":"1 minute"},"schema":{"@context":"https:\/\/schema.org","@graph":[{"@type":"WebPage","@id":"https:\/\/www.lappifilms.fi\/otayhteytta\/","url":"https:\/\/www.lappifilms.fi\/otayhteytta\/","name":"Photographer in Rovaniemi | Lappi Films \u2013 Photography in Lapland","isPartOf":{"@id":"https:\/\/www.lappifilms.fi\/#website"},"datePublished":"2020-08-26T07:39:50+00:00","dateModified":"2026-04-23T14:40:40+00:00","description":"Looking for a photographer in Rovaniemi or Lapland? Contact Lappi Films for professional travel, wedding and marketing photography in Finnish Lapland.","breadcrumb":{"@id":"https:\/\/www.lappifilms.fi\/otayhteytta\/#breadcrumb"},"inLanguage":"en-US","potentialAction":[{"@type":"ReadAction","target":["https:\/\/www.lappifilms.fi\/otayhteytta\/"]}]},{"@type":"BreadcrumbList","@id":"https:\/\/www.lappifilms.fi\/otayhteytta\/#breadcrumb","itemListElement":[{"@type":"ListItem","position":1,"name":"Etusivu","item":"https:\/\/www.lappifilms.fi\/"},{"@type":"ListItem","position":2,"name":"Ota yhteytt\u00e4"}]},{"@type":"WebSite","@id":"https:\/\/www.lappifilms.fi\/#website","url":"https:\/\/www.lappifilms.fi\/","name":"Lappi Films","description":"Video- ja valokuvaus","publisher":{"@id":"https:\/\/www.lappifilms.fi\/#\/schema\/person\/13895667e3c25e0ee4e179040671e373"},"potentialAction":[{"@type":"SearchAction","target":{"@type":"EntryPoint","urlTemplate":"https:\/\/www.lappifilms.fi\/?s={search_term_string}"},"query-input":{"@type":"PropertyValueSpecification","valueRequired":true,"valueName":"search_term_string"}}],"inLanguage":"en-US"},{"@type":["Person","Organization"],"@id":"https:\/\/www.lappifilms.fi\/#\/schema\/person\/13895667e3c25e0ee4e179040671e373","name":"Anssi Ylipulli","image":{"@type":"ImageObject","inLanguage":"en-US","@id":"https:\/\/www.lappifilms.fi\/wp-content\/uploads\/2023\/03\/anssi-001-5.jpg","url":"https:\/\/www.lappifilms.fi\/wp-content\/uploads\/2023\/03\/anssi-001-5.jpg","contentUrl":"https:\/\/www.lappifilms.fi\/wp-content\/uploads\/2023\/03\/anssi-001-5.jpg","width":1600,"height":1920,"caption":"Anssi Ylipulli"},"logo":{"@id":"https:\/\/www.lappifilms.fi\/wp-content\/uploads\/2023\/03\/anssi-001-5.jpg"},"description":"Lappi Filmsin kautta saat laadukkaat h\u00e4\u00e4videot, markkinointivideot yrityksellesi ja valokuvat kaikkiin tarpeisiin.","sameAs":["http:\/\/www.lappifilms.fi","https:\/\/www.facebook.com\/LappiFilms","https:\/\/www.instagram.com\/lappifilms\/","https:\/\/www.youtube.com\/channel\/UC3Q-m599ZI0Oc7JyKVeiZ0A"]}]}},"_links":{"self":[{"href":"https:\/\/www.lappifilms.fi\/en\/wp-json\/wp\/v2\/pages\/95439","targetHints":{"allow":["GET"]}}],"collection":[{"href":"https:\/\/www.lappifilms.fi\/en\/wp-json\/wp\/v2\/pages"}],"about":[{"href":"https:\/\/www.lappifilms.fi\/en\/wp-json\/wp\/v2\/types\/page"}],"author":[{"embeddable":true,"href":"https:\/\/www.lappifilms.fi\/en\/wp-json\/wp\/v2\/users\/1"}],"replies":[{"embeddable":true,"href":"https:\/\/www.lappifilms.fi\/en\/wp-json\/wp\/v2\/comments?post=95439"}],"version-history":[{"count":0,"href":"https:\/\/www.lappifilms.fi\/en\/wp-json\/wp\/v2\/pages\/95439\/revisions"}],"wp:attachment":[{"href":"https:\/\/www.lappifilms.fi\/en\/wp-json\/wp\/v2\/media?parent=95439"}],"curies":[{"name":"wp","href":"https:\/\/api.w.org\/{rel}","templated":true}]}}